{"id":1215,"date":"2021-06-14T10:40:41","date_gmt":"2021-06-14T10:40:41","guid":{"rendered":"https:\/\/rally-raid-service.com\/?page_id=1215"},"modified":"2026-04-28T18:26:27","modified_gmt":"2026-04-28T16:26:27","slug":"about-us-de","status":"publish","type":"page","link":"https:\/\/rally-raid-service.com\/de\/about-us-de\/","title":{"rendered":"About Us &#8211; De"},"content":{"rendered":"<div data-elementor-type=\"wp-page\" data-elementor-id=\"1215\" class=\"elementor elementor-1215\" data-elementor-post-type=\"page\">\n\t\t\t\t\t\t<section class=\"elementor-section elementor-top-section elementor-element elementor-element-07d7514 elementor-section-boxed elementor-section-height-default elementor-section-height-default\" data-id=\"07d7514\" data-element_type=\"section\" data-e-type=\"section\" data-settings=\"{&quot;background_background&quot;:&quot;classic&quot;}\">\n\t\t\t\t\t\t<div class=\"elementor-container elementor-column-gap-no\">\n\t\t\t\t\t<div class=\"elementor-column elementor-col-100 elementor-top-column elementor-element elementor-element-e97ae01\" data-id=\"e97ae01\" data-element_type=\"column\" data-e-type=\"column\" data-settings=\"{&quot;background_background&quot;:&quot;classic&quot;}\">\n\t\t\t<div class=\"elementor-widget-wrap elementor-element-populated\">\n\t\t\t\t\t\t<section class=\"elementor-section elementor-inner-section elementor-element elementor-element-a3f642e elementor-section-boxed elementor-section-height-default elementor-section-height-default\" data-id=\"a3f642e\" data-element_type=\"section\" data-e-type=\"section\">\n\t\t\t\t\t\t<div class=\"elementor-container elementor-column-gap-default\">\n\t\t\t\t\t<div class=\"elementor-column elementor-col-100 elementor-inner-column elementor-element elementor-element-6000918\" data-id=\"6000918\" data-element_type=\"column\" data-e-type=\"column\">\n\t\t\t<div class=\"elementor-widget-wrap elementor-element-populated\">\n\t\t\t\t\t\t<div class=\"elementor-element elementor-element-4336ed0 elementor-widget elementor-widget-heading\" data-id=\"4336ed0\" data-element_type=\"widget\" data-e-type=\"widget\" data-widget_type=\"heading.default\">\n\t\t\t\t<div class=\"elementor-widget-container\">\n\t\t\t\t\t<p class=\"elementor-heading-title elementor-size-default\">\u00dcber uns.<\/p>\t\t\t\t<\/div>\n\t\t\t\t<\/div>\n\t\t\t\t<div class=\"elementor-element elementor-element-29c68e1 elementor-widget elementor-widget-text-editor\" data-id=\"29c68e1\" data-element_type=\"widget\" data-e-type=\"widget\" data-widget_type=\"text-editor.default\">\n\t\t\t\t<div class=\"elementor-widget-container\">\n\t\t\t\t\t\t\t\t\t<h5>Die Dakar Rally ist eine der gr\u00f6\u00dften Herausforderungen im Motorsport. \u00a0<\/h5><h5>Nicht nur f\u00fcr die Fahrzeuge sonder auch f\u00fcr Piloten und Copiloten.<\/h5><h5>Die seit 2021 neue Rallye Dakar Classic greift den Abenteuergeist wieder auf, der diese &#8220;Mutter aller W\u00fcstenrallyes&#8221; so ber\u00fchmt und legend\u00e4r werden lies.<\/h5><h5>Die Crew und das Fahrzeug bilden ein Team dessen Ziel es ist am Ende des W\u00fcstenmarathons das 7.500 Kilometer entfernte Ziel zu erreichen.<\/h5><h5>Das Rally-Raid-Team-Germany besteht aus erfahrenen Rally-Raid Profis, die bereits als Fahrer, Copiloten und Mechaniker bei verschiedenen Off-Road Rallyes im Einsatz waren.<\/h5><h5>Teammiteigent\u00fcmer J\u00f6rg Sand ist als Journalist seit 20 Jahren bei der Dakar Rallye dabei und selbst Rallyefahrer.<\/h5><h5>Teammiteigent\u00fcmer Bastian Klausing ist international erfolgreicher Gesch\u00e4ftsmann und ebenfalls Rallyefahrer.<\/h5><h5>2022 erreichte das Rally-Raid-Team-Germany mit einem niederl\u00e4ndischen Kundenteam einen Klassensieg<\/h5><h5>und den 10. Gesamtrang. (Mercedes 280GE)<\/h5><h5>\u00a0<\/h5><h5>\u00a0<\/h5><h5>\u00a0<\/h5><h5>\u00a0<\/h5>\t\t\t\t\t\t\t\t<\/div>\n\t\t\t\t<\/div>\n\t\t\t\t\t<\/div>\n\t\t<\/div>\n\t\t\t\t\t<\/div>\n\t\t<\/section>\n\t\t\t\t\t<\/div>\n\t\t<\/div>\n\t\t\t\t\t<\/div>\n\t\t<\/section>\n\t\t\t\t<section class=\"elementor-section elementor-top-section elementor-element elementor-element-597fefe elementor-section-full_width elementor-section-height-default elementor-section-height-default\" data-id=\"597fefe\" data-element_type=\"section\" data-e-type=\"section\" data-settings=\"{&quot;background_background&quot;:&quot;classic&quot;}\">\n\t\t\t\t\t\t\t<div class=\"elementor-background-overlay\"><\/div>\n\t\t\t\t\t\t\t<div class=\"elementor-container elementor-column-gap-no\">\n\t\t\t\t\t<div class=\"elementor-column elementor-col-100 elementor-top-column elementor-element elementor-element-8a5e6cc\" data-id=\"8a5e6cc\" data-element_type=\"column\" data-e-type=\"column\" data-settings=\"{&quot;background_background&quot;:&quot;classic&quot;}\">\n\t\t\t<div class=\"elementor-widget-wrap elementor-element-populated\">\n\t\t\t\t\t\t<section class=\"elementor-section elementor-inner-section elementor-element elementor-element-17a1698 elementor-section-boxed elementor-section-height-default elementor-section-height-default\" data-id=\"17a1698\" data-element_type=\"section\" data-e-type=\"section\">\n\t\t\t\t\t\t<div class=\"elementor-container elementor-column-gap-default\">\n\t\t\t\t\t<div class=\"elementor-column elementor-col-100 elementor-inner-column elementor-element elementor-element-eb7804e\" data-id=\"eb7804e\" data-element_type=\"column\" data-e-type=\"column\">\n\t\t\t<div class=\"elementor-widget-wrap elementor-element-populated\">\n\t\t\t\t\t\t<div class=\"elementor-element elementor-element-42de137 elementor-widget elementor-widget-spacer\" data-id=\"42de137\" data-element_type=\"widget\" data-e-type=\"widget\" data-widget_type=\"spacer.default\">\n\t\t\t\t<div class=\"elementor-widget-container\">\n\t\t\t\t\t\t\t<div class=\"elementor-spacer\">\n\t\t\t<div class=\"elementor-spacer-inner\"><\/div>\n\t\t<\/div>\n\t\t\t\t\t\t<\/div>\n\t\t\t\t<\/div>\n\t\t\t\t<div class=\"elementor-element elementor-element-edb49a8 elementor-widget elementor-widget-html\" data-id=\"edb49a8\" data-element_type=\"widget\" data-e-type=\"widget\" data-widget_type=\"html.default\">\n\t\t\t\t<div class=\"elementor-widget-container\">\n\t\t\t\t\t<div class=\"shape\">\r\n  <a >Unsere Mechaniker<\/a>\r\n<\/div>\t\t\t\t<\/div>\n\t\t\t\t<\/div>\n\t\t\t\t\t<\/div>\n\t\t<\/div>\n\t\t\t\t\t<\/div>\n\t\t<\/section>\n\t\t\t\t<section class=\"elementor-section elementor-inner-section elementor-element elementor-element-b5bbca3 elementor-section-boxed elementor-section-height-default elementor-section-height-default\" data-id=\"b5bbca3\" data-element_type=\"section\" data-e-type=\"section\" data-settings=\"{&quot;background_background&quot;:&quot;slideshow&quot;,&quot;background_slideshow_gallery&quot;:[],&quot;background_slideshow_loop&quot;:&quot;yes&quot;,&quot;background_slideshow_slide_duration&quot;:5000,&quot;background_slideshow_slide_transition&quot;:&quot;fade&quot;,&quot;background_slideshow_transition_duration&quot;:500}\">\n\t\t\t\t\t\t<div class=\"elementor-container elementor-column-gap-default\">\n\t\t\t\t\t<div class=\"elementor-column elementor-col-25 elementor-inner-column elementor-element elementor-element-9086ed9\" data-id=\"9086ed9\" data-element_type=\"column\" data-e-type=\"column\">\n\t\t\t<div class=\"elementor-widget-wrap elementor-element-populated\">\n\t\t\t\t\t\t\t<\/div>\n\t\t<\/div>\n\t\t\t\t<div class=\"elementor-column elementor-col-25 elementor-inner-column elementor-element elementor-element-8fb4282\" data-id=\"8fb4282\" data-element_type=\"column\" data-e-type=\"column\">\n\t\t\t<div class=\"elementor-widget-wrap elementor-element-populated\">\n\t\t\t\t\t\t<div class=\"elementor-element elementor-element-6253512 elementor-widget elementor-widget-image\" data-id=\"6253512\" data-element_type=\"widget\" data-e-type=\"widget\" data-widget_type=\"image.default\">\n\t\t\t\t<div class=\"elementor-widget-container\">\n\t\t\t\t\t\t\t\t\t\t\t\t\t\t\t<img decoding=\"async\" width=\"259\" height=\"180\" src=\"https:\/\/rally-raid-service.com\/wp-content\/uploads\/2021\/06\/dakar-classics-logo.jpg\" class=\"attachment-large size-large wp-image-2250\" alt=\"\" \/>\t\t\t\t\t\t\t\t\t\t\t\t\t\t\t<\/div>\n\t\t\t\t<\/div>\n\t\t\t\t\t<\/div>\n\t\t<\/div>\n\t\t\t\t<div class=\"elementor-column elementor-col-25 elementor-inner-column elementor-element elementor-element-b28a8ad\" data-id=\"b28a8ad\" data-element_type=\"column\" data-e-type=\"column\">\n\t\t\t<div class=\"elementor-widget-wrap elementor-element-populated\">\n\t\t\t\t\t\t<div class=\"elementor-element elementor-element-cf3f64b elementor-widget elementor-widget-image\" data-id=\"cf3f64b\" data-element_type=\"widget\" data-e-type=\"widget\" data-widget_type=\"image.default\">\n\t\t\t\t<div class=\"elementor-widget-container\">\n\t\t\t\t\t\t\t\t\t\t\t\t\t\t\t<img decoding=\"async\" width=\"259\" height=\"180\" src=\"https:\/\/rally-raid-service.com\/wp-content\/uploads\/2021\/06\/dakar-classics-logo.jpg\" class=\"attachment-large size-large wp-image-2250\" alt=\"\" \/>\t\t\t\t\t\t\t\t\t\t\t\t\t\t\t<\/div>\n\t\t\t\t<\/div>\n\t\t\t\t\t<\/div>\n\t\t<\/div>\n\t\t\t\t<div class=\"elementor-column elementor-col-25 elementor-inner-column elementor-element elementor-element-88643b4\" data-id=\"88643b4\" data-element_type=\"column\" data-e-type=\"column\">\n\t\t\t<div class=\"elementor-widget-wrap elementor-element-populated\">\n\t\t\t\t\t\t<div class=\"elementor-element elementor-element-f844be7 elementor-widget elementor-widget-image\" data-id=\"f844be7\" data-element_type=\"widget\" data-e-type=\"widget\" data-widget_type=\"image.default\">\n\t\t\t\t<div class=\"elementor-widget-container\">\n\t\t\t\t\t\t\t\t\t\t\t\t\t\t\t<img decoding=\"async\" width=\"259\" height=\"180\" src=\"https:\/\/rally-raid-service.com\/wp-content\/uploads\/2021\/06\/dakar-classics-logo.jpg\" class=\"attachment-large size-large wp-image-2250\" alt=\"\" \/>\t\t\t\t\t\t\t\t\t\t\t\t\t\t\t<\/div>\n\t\t\t\t<\/div>\n\t\t\t\t\t<\/div>\n\t\t<\/div>\n\t\t\t\t\t<\/div>\n\t\t<\/section>\n\t\t\t\t<section class=\"elementor-section elementor-inner-section elementor-element elementor-element-14da092 elementor-section-boxed elementor-section-height-default elementor-section-height-default\" data-id=\"14da092\" data-element_type=\"section\" data-e-type=\"section\">\n\t\t\t\t\t\t<div class=\"elementor-container elementor-column-gap-default\">\n\t\t\t\t\t<div class=\"elementor-column elementor-col-100 elementor-inner-column elementor-element elementor-element-7eb3ccb\" data-id=\"7eb3ccb\" data-element_type=\"column\" data-e-type=\"column\">\n\t\t\t<div class=\"elementor-widget-wrap elementor-element-populated\">\n\t\t\t\t\t\t<div class=\"elementor-element elementor-element-a79d779 elementor-widget elementor-widget-spacer\" data-id=\"a79d779\" data-element_type=\"widget\" data-e-type=\"widget\" data-widget_type=\"spacer.default\">\n\t\t\t\t<div class=\"elementor-widget-container\">\n\t\t\t\t\t\t\t<div class=\"elementor-spacer\">\n\t\t\t<div class=\"elementor-spacer-inner\"><\/div>\n\t\t<\/div>\n\t\t\t\t\t\t<\/div>\n\t\t\t\t<\/div>\n\t\t\t\t\t<\/div>\n\t\t<\/div>\n\t\t\t\t\t<\/div>\n\t\t<\/section>\n\t\t\t\t\t<\/div>\n\t\t<\/div>\n\t\t\t\t\t<\/div>\n\t\t<\/section>\n\t\t\t\t<\/div>","protected":false},"excerpt":{"rendered":"<p>\u00dcber uns&#8230; Die Dakar Rally ist eine der gr\u00f6\u00dften Herausforderungen im Motorsport. \u00a0 Nicht nur f\u00fcr die Fahrzeuge sonder auch f\u00fcr Piloten und Copiloten. Die seit 2021 neue Rallye Dakar Classic greift den Abenteuergeist wieder auf, der diese &#8220;Mutter aller W\u00fcstenrallyes&#8221; so ber\u00fchmt und legend\u00e4r werden lies. Die Crew und das Fahrzeug bilden ein Team &hellip; <\/p>\n<p class=\"link-more\"><a href=\"https:\/\/rally-raid-service.com\/de\/about-us-de\/\" class=\"more-link\"><span class=\"screen-reader-text\">\u201eAbout Us &#8211; De\u201c <\/span>weiterlesen<\/a><\/p>","protected":false},"author":2,"featured_media":0,"parent":0,"menu_order":0,"comment_status":"closed","ping_status":"closed","template":"elementor_header_footer","meta":{"_angie_page":false,"footnotes":""},"class_list":["post-1215","page","type-page","status-publish","hentry","entry"],"_links":{"self":[{"href":"https:\/\/rally-raid-service.com\/de\/wp-json\/wp\/v2\/pages\/1215","targetHints":{"allow":["GET"]}}],"collection":[{"href":"https:\/\/rally-raid-service.com\/de\/wp-json\/wp\/v2\/pages"}],"about":[{"href":"https:\/\/rally-raid-service.com\/de\/wp-json\/wp\/v2\/types\/page"}],"author":[{"embeddable":true,"href":"https:\/\/rally-raid-service.com\/de\/wp-json\/wp\/v2\/users\/2"}],"replies":[{"embeddable":true,"href":"https:\/\/rally-raid-service.com\/de\/wp-json\/wp\/v2\/comments?post=1215"}],"version-history":[{"count":48,"href":"https:\/\/rally-raid-service.com\/de\/wp-json\/wp\/v2\/pages\/1215\/revisions"}],"predecessor-version":[{"id":3698,"href":"https:\/\/rally-raid-service.com\/de\/wp-json\/wp\/v2\/pages\/1215\/revisions\/3698"}],"wp:attachment":[{"href":"https:\/\/rally-raid-service.com\/de\/wp-json\/wp\/v2\/media?parent=1215"}],"curies":[{"name":"wp","href":"https:\/\/api.w.org\/{rel}","templated":true}]}}